{"id":44,"date":"2026-04-08T21:29:11","date_gmt":"2026-04-08T21:29:11","guid":{"rendered":"https:\/\/devolvamoslavozacuba.com\/?page_id=44"},"modified":"2026-04-21T21:55:18","modified_gmt":"2026-04-21T21:55:18","slug":"inicio","status":"publish","type":"page","link":"https:\/\/devolvamoslavozacuba.com\/","title":{"rendered":"Inicio"},"content":{"rendered":"\t\t<div data-elementor-type=\"wp-page\" data-elementor-id=\"44\" class=\"elementor elementor-44\">\n\t\t\t\t<div class=\"elementor-element elementor-element-b43f4f4 e-flex e-con-boxed e-con e-parent\" data-id=\"b43f4f4\" data-element_type=\"container\" data-e-type=\"container\">\n\t\t\t\t\t<div class=\"e-con-inner\">\n\t\t\t\t<div class=\"elementor-element elementor-element-df80dc3 e-con e-atomic-element e-flexbox-base e-df80dc3-4336b6e\" data-id=\"df80dc3\" data-element_type=\"e-flexbox\" data-e-type=\"e-flexbox\" data-interaction-id=\"df80dc3\">\n\t\t\t\t\t\t\t\n\t\t<img class=\"e-image-base e-548a28d-d3039db\" \n\t\t\t\t\tdata-interaction-id=\"548a28d\" \n\t\t \n\t\t \n\t\t\t\t\t\t\t\t\tid=\"47\"\n\t\t\t\t\t\t\t\t\t\t\t\tsrc=\"https:\/\/devolvamoslavozacuba.com\/wp-content\/uploads\/2026\/04\/No-Mas-Bloqueo-a-Cuba.webp\"\n\t\t\t\t\t\t\t\t\t\t\t\twidth=\"819\"\n\t\t\t\t\t\t\t\t\t\t\t\theight=\"480\"\n\t\t\t\t\t\t\t\t\t\t\t\tsrcset=\"https:\/\/devolvamoslavozacuba.com\/wp-content\/uploads\/2026\/04\/No-Mas-Bloqueo-a-Cuba.webp 819w, https:\/\/devolvamoslavozacuba.com\/wp-content\/uploads\/2026\/04\/No-Mas-Bloqueo-a-Cuba-300x176.webp 300w, https:\/\/devolvamoslavozacuba.com\/wp-content\/uploads\/2026\/04\/No-Mas-Bloqueo-a-Cuba-768x450.webp 768w\"\n\t\t\t\t\t\t\t\t\t\t\t\talt=\"\"\n\t\t\t\t\t\t\/>\n\t\t\t\t\t<\/div>\n\t\t\t\t\t<\/div>\n\t\t\t\t<\/div>\n\t\t<div class=\"elementor-element elementor-element-b45c966 e-flex e-con-boxed e-con e-parent\" data-id=\"b45c966\" data-element_type=\"container\" data-e-type=\"container\">\n\t\t\t\t\t<div class=\"e-con-inner\">\n\t\t\t\t<div class=\"elementor-element elementor-element-732fe5a e-con e-atomic-element e-flexbox-base e-732fe5a-c4a93f1\" data-id=\"732fe5a\" data-element_type=\"e-flexbox\" data-e-type=\"e-flexbox\" data-interaction-id=\"732fe5a\">\n\t\t\t\t\t\t\t<h2 \n\t\tdata-interaction-id=\"3c6b139\" \n\t\tclass=\"e-3c6b139-5aaccba e-heading-base\" \n\t\t \n\t\t\n\t>\n\t\n\t\t\tCampa\u00f1a \"Devolvamos la voz a Cuba\"\n\t\t<\/h2>\n\t\t\t\t<\/div>\n\t\t\t\t\t<\/div>\n\t\t\t\t<\/div>\n\t\t<div class=\"elementor-element elementor-element-9a0eaf1 e-flex e-con-boxed e-con e-parent\" data-id=\"9a0eaf1\" data-element_type=\"container\" data-e-type=\"container\">\n\t\t\t\t\t<div class=\"e-con-inner\">\n\t\t<div class=\"elementor-element elementor-element-211c742 e-con-full e-flex e-con e-child\" data-id=\"211c742\" data-element_type=\"container\" data-e-type=\"container\">\n\t\t\t\t<div class=\"elementor-element elementor-element-13524f7 e-con e-atomic-element e-flexbox-base\" data-id=\"13524f7\" data-element_type=\"e-flexbox\" data-e-type=\"e-flexbox\" data-interaction-id=\"13524f7\">\n\t\t\t\t\t\t\t\n\t\t<img class=\"e-image-base \" \n\t\t\t\t\tdata-interaction-id=\"6d15fcc\" \n\t\t \n\t\t \n\t\t\t\t\t\t\t\t\tid=\"72\"\n\t\t\t\t\t\t\t\t\t\t\t\tsrc=\"https:\/\/devolvamoslavozacuba.com\/wp-content\/uploads\/2026\/04\/Afiche-de-campana-2.webp\"\n\t\t\t\t\t\t\t\t\t\t\t\twidth=\"1260\"\n\t\t\t\t\t\t\t\t\t\t\t\theight=\"945\"\n\t\t\t\t\t\t\t\t\t\t\t\tsrcset=\"https:\/\/devolvamoslavozacuba.com\/wp-content\/uploads\/2026\/04\/Afiche-de-campana-2.webp 1260w, https:\/\/devolvamoslavozacuba.com\/wp-content\/uploads\/2026\/04\/Afiche-de-campana-2-300x225.webp 300w, https:\/\/devolvamoslavozacuba.com\/wp-content\/uploads\/2026\/04\/Afiche-de-campana-2-1024x768.webp 1024w, https:\/\/devolvamoslavozacuba.com\/wp-content\/uploads\/2026\/04\/Afiche-de-campana-2-768x576.webp 768w\"\n\t\t\t\t\t\t\t\t\t\t\t\talt=\"\"\n\t\t\t\t\t\t\/>\n\t\t\t\t\t<\/div>\n\t\t\t\t<\/div>\n\t\t<div class=\"elementor-element elementor-element-4445cd8 e-con-full e-flex e-con e-child\" data-id=\"4445cd8\" data-element_type=\"container\" data-e-type=\"container\">\n\t\t\t\t<div class=\"elementor-element elementor-element-370adba e-con e-atomic-element e-flexbox-base e-370adba-dedf729\" data-id=\"370adba\" data-element_type=\"e-flexbox\" data-e-type=\"e-flexbox\" data-interaction-id=\"370adba\">\n\t\t\t\t\t\t\t<h2 \n\t\tdata-interaction-id=\"dfe4e92\" \n\t\tclass=\"e-dfe4e92-57499c7 e-heading-base\" \n\t\t \n\t\t\n\t>\n\t\n\t\t\tEn qu\u00e9 consiste la campa\u00f1a\n\t\t<\/h2>\n\t\t\t\t<\/div>\n\t\t\t\t<div class=\"elementor-element elementor-element-8c11f86 e-con e-atomic-element e-flexbox-base e-8c11f86-89bc327\" data-id=\"8c11f86\" data-element_type=\"e-flexbox\" data-e-type=\"e-flexbox\" data-interaction-id=\"8c11f86\">\n\t\t\t\t\t\t\t\t<p class=\"e-0db68b2-149bc0c e-paragraph-base\" data-interaction-id=\"0db68b2\"  >\n\t\t\t\t\t\t\t\t<strong id=\"e-mns2in7s-ubmrhwv\">PRENSA LATINA<\/strong>, al igual que todas las instituciones cubanas, sean hospitales, escuelas, universidades, factores productivos, etc. est\u00e1 viviendo la crudeza del criminal bloqueo del Imperio, el cual ha recrudecido desde el principio de 2026 con el Bloqueo Energ\u00e9tico. Ello ha llevado que la <strong id=\"e-mns2in7s-gb5uz9q\">VOZ DE CUBA <\/strong>no pueda mantener regularmente su importante labor, llevando la<strong id=\"e-mns2in7s-0ept2yb\"> VERDAD DE CUBA <\/strong>a buena parte del mundo. <br>Para ayudar a que esta instituci\u00f3n de la Revoluci\u00f3n Cubana contin\u00fae sus funciones, el realizador Walter Uliano Pistelli est\u00e1 realizando una gira latinoamericana exhibiendo el documental <strong id=\"e-mns2in7s-j1mi06f\">CHE GUEVARA EN EL SIGLO XXI, <\/strong>recaudando fondos para la instalaci\u00f3n de paneles solares para <strong id=\"e-mns2in7s-o2g8vxn\">PRENSA LATINA<\/strong>.<br>Quien no vive en una de las muchas localidades de America donde se proyectar\u00e1 la pelicula, puede descargarla aqu\u00ed abajo luego de haber hecho un peque\u00f1o donativo al proyecto. El 100% de lo recaudado ir\u00e1 directamente a una cuenta dedicada exclusivamente a la agencia Prensa Latina de Cuba.\n\t\t\t\t\t<\/p>\n\t\t\t\t<\/div>\n\t\t\t\t<\/div>\n\t\t\t\t\t<\/div>\n\t\t\t\t<\/div>\n\t\t<div class=\"elementor-element elementor-element-32fcb76 e-flex e-con-boxed e-con e-parent\" data-id=\"32fcb76\" data-element_type=\"container\" data-e-type=\"container\">\n\t\t\t\t\t<div class=\"e-con-inner\">\n\t\t\t\t<div class=\"elementor-element elementor-element-f078835 e-con e-atomic-element e-flexbox-base e-f078835-c402c7d\" data-id=\"f078835\" data-element_type=\"e-flexbox\" data-e-type=\"e-flexbox\" data-interaction-id=\"f078835\">\n\t\t\t\t\t\t\t<h2 \n\t\tdata-interaction-id=\"c831322\" \n\t\tclass=\"e-c831322-7c9d95d e-heading-base\" \n\t\t \n\t\t\n\t>\n\t\n\t\t\tSobre el documental\n\t\t<\/h2>\n\t\t\t\t<\/div>\n\t\t\t\t\t<\/div>\n\t\t\t\t<\/div>\n\t\t<div class=\"elementor-element elementor-element-e87ded6 e-flex e-con-boxed e-con e-parent\" data-id=\"e87ded6\" data-element_type=\"container\" data-e-type=\"container\">\n\t\t\t\t\t<div class=\"e-con-inner\">\n\t\t\t\t<div class=\"elementor-element elementor-element-e7cbe9b e-con e-atomic-element e-flexbox-base\" data-id=\"e7cbe9b\" data-element_type=\"e-flexbox\" data-e-type=\"e-flexbox\" data-interaction-id=\"e7cbe9b\">\n\t\t\t\t\t\t\t\t<p class=\"e-91f953c-51a50d6 e-paragraph-base\" data-interaction-id=\"91f953c\"  >\n\t\t\t\t\t\t\t\t<strong id=\"e-mnrzy8o1-c4gg4ln\">\u201cChe Guevara en el Siglo XXI\u201d<\/strong>, del realizador italiano Walter Uliano Pistelli, es un documental compuesto por dos largometrajes de aproximadamente 80 minutos cada uno<strong id=\"e-mnrzy8o1-w3hpe1m\">.<\/strong> La primera parte,<strong id=\"e-mnrzy8o1-58uacrc\"> \u201cHijos de la Revoluci\u00f3n\u201d<\/strong>, aborda la dimensi\u00f3n m\u00e1s humana de la guerrilla en Bolivia a trav\u00e9s de los testimonios de los hijos de los combatientes, as\u00ed como de sobrevivientes directos. La obra reconstruye las historias familiares marcadas por la ausencia, la memoria y el legado de quienes participaron junto al Che.<br>La segunda parte,<strong id=\"e-mnrzy8o1-k55m548\"> \u201cSer revolucionario\u201d<\/strong>&nbsp;, profundiza en el significado ideol\u00f3gico y \u00e9tico de la lucha del Che Guevara y sus compa\u00f1eros, analizando sus motivaciones, decisiones y el sentido de su compromiso revolucionario, con una reflexi\u00f3n sobre su vigencia en el mundo actual. <br>En conjunto, el documental ofrece una mirada que combina memoria, testimonio y an\u00e1lisis, conectando la experiencia hist\u00f3rica de la guerrilla con los debates contempor\u00e1neos sobre el sentido de ser revolucionario en el siglo XXI.<br><br>\n\t\t\t\t\t<\/p>\n\t\t\t\t<\/div>\n\t\t\t\t\t<\/div>\n\t\t\t\t<\/div>\n\t\t<div class=\"elementor-element elementor-element-7d87cf3 e-con-full e-flex e-con e-parent\" data-id=\"7d87cf3\" data-element_type=\"container\" data-e-type=\"container\">\n\t\t\t\t\t\t\t<h2 \n\t\tdata-interaction-id=\"20353d5\" \n\t\tclass=\"e-20353d5-a68e92b e-heading-base\" \n\t\t \n\t\t\n\t>\n\t\n\t\t\tDescarga el documental y apoya a la agencia latinoamericana de noticias<br>Prensa Latina\n\t\t<\/h2>\n\t\t\t\t<\/div>\n\t\t<div class=\"elementor-element elementor-element-8afafb5 e-flex e-con-boxed e-con e-parent\" data-id=\"8afafb5\" data-element_type=\"container\" data-e-type=\"container\">\n\t\t\t\t\t<div class=\"e-con-inner\">\n\t\t<div class=\"elementor-element elementor-element-7fabbf0 e-con-full e-flex e-con e-child\" data-id=\"7fabbf0\" data-element_type=\"container\" data-e-type=\"container\">\n\t\t\t\t\t\t\t\t<p class=\"e-20f4508-08c7c9f e-paragraph-base\" data-interaction-id=\"20f4508\"  >\n\t\t\t\t\t\t\t\t<strong id=\"e-mo0oqobj-mzshvl2\">Nota<\/strong>: Al presionar el bot\u00f3n de descarga ser\u00e1s redirigido(a) a la pagina de la organizaci\u00f3n de solidaridad con Cuba Fundaci\u00f3n Varsot, que fraternalmente est\u00e1 colaborando con este proyecto facilitando su plataforma de donaciones.<br>El aporte para tener disponible el documental es <strong id=\"e-mo0oqobj-y3ky5zw\">voluntario y a conciencia<\/strong>, sugerimos un aporte m\u00ednimo al equivalente a 5 d\u00f3lares en tu moneda nacional.<br>Una vez realizado el pago te llegar\u00e1 el link de descarga a tu correo electr\u00f3nico.\n\t\t\t\t\t<\/p>\n\t\t\t\t<\/div>\n\t\t<div class=\"elementor-element elementor-element-e897361 e-con-full e-flex e-con e-child\" data-id=\"e897361\" data-element_type=\"container\" data-e-type=\"container\">\n\t\t\t\t\t\t\t\n\t\t\t<a\n\t\t\t\t\t\thref=\"https:\/\/varsotfundacion.com\/campanas\/devolvamos-la-voz-a-cuba\/\"\n\t\t\tclass=\"e-image-link-base\"\n\t\t\ttarget=\"_self\"\n\t\t\tdata-interaction-id=\"0af5f83\"\n\t\t>\n\t\t<img class=\"e-image-base e-0af5f83-92d2d4c\" \n\t\t \n\t\t \n\t\t\t\t\t\t\t\t\tid=\"219\"\n\t\t\t\t\t\t\t\t\t\t\t\tsrc=\"https:\/\/devolvamoslavozacuba.com\/wp-content\/uploads\/2026\/04\/Boton-de-descarga-de-peliculas-3-300x200.webp\"\n\t\t\t\t\t\t\t\t\t\t\t\twidth=\"300\"\n\t\t\t\t\t\t\t\t\t\t\t\theight=\"200\"\n\t\t\t\t\t\t\t\t\t\t\t\tsrcset=\"https:\/\/devolvamoslavozacuba.com\/wp-content\/uploads\/2026\/04\/Boton-de-descarga-de-peliculas-3-300x200.webp 300w, https:\/\/devolvamoslavozacuba.com\/wp-content\/uploads\/2026\/04\/Boton-de-descarga-de-peliculas-3-1024x683.webp 1024w, https:\/\/devolvamoslavozacuba.com\/wp-content\/uploads\/2026\/04\/Boton-de-descarga-de-peliculas-3-768x512.webp 768w, https:\/\/devolvamoslavozacuba.com\/wp-content\/uploads\/2026\/04\/Boton-de-descarga-de-peliculas-3.webp 1536w\"\n\t\t\t\t\t\t\t\t\t\t\t\talt=\"\"\n\t\t\t\t\t\t\/>\n\t\t\t<\/a>\n\t\t\t\t\t<\/div>\n\t\t\t\t\t<\/div>\n\t\t\t\t<\/div>\n\t\t<div class=\"elementor-element elementor-element-2833fd9 e-flex e-con-boxed e-con e-parent\" data-id=\"2833fd9\" data-element_type=\"container\" data-e-type=\"container\">\n\t\t\t\t\t<div class=\"e-con-inner\">\n\t\t\t\t<div class=\"elementor-element elementor-element-de7e5e5 e-con e-atomic-element e-flexbox-base e-de7e5e5-854eee4\" data-id=\"de7e5e5\" data-element_type=\"e-flexbox\" data-e-type=\"e-flexbox\" data-interaction-id=\"de7e5e5\">\n\t\t\t\t\t\t\t<h2 \n\t\tdata-interaction-id=\"86aefb6\" \n\t\tclass=\"e-86aefb6-a387a2d e-heading-base\" \n\t\t \n\t\t\n\t>\n\t\n\t\t\tTrailers\n\t\t<\/h2>\n\t\t\t\t<\/div>\n\t\t\t\t\t<\/div>\n\t\t\t\t<\/div>\n\t\t<div class=\"elementor-element elementor-element-820ddc1 e-flex e-con-boxed e-con e-parent\" data-id=\"820ddc1\" data-element_type=\"container\" data-e-type=\"container\">\n\t\t\t\t\t<div class=\"e-con-inner\">\n\t\t<div class=\"elementor-element elementor-element-ccdc1a0 e-con-full e-flex e-con e-child\" data-id=\"ccdc1a0\" data-element_type=\"container\" data-e-type=\"container\">\n\t\t\t\t\t\t\t\n\t\t\t<a\n\t\t\t\t\t\thref=\"https:\/\/drive.google.com\/file\/d\/1dsi7MkhRPVKHkCNpB43nFzxIik76-Ylm\/view?usp=sharing\"\n\t\t\tclass=\"e-image-link-base\"\n\t\t\ttarget=\"_self\"\n\t\t\tdata-interaction-id=\"9a96f76\"\n\t\t>\n\t\t<img class=\"e-image-base \" \n\t\t \n\t\t \n\t\t\t\t\t\t\t\t\tid=\"124\"\n\t\t\t\t\t\t\t\t\t\t\t\tsrc=\"https:\/\/devolvamoslavozacuba.com\/wp-content\/uploads\/2026\/04\/Portada-Trailer-Primera-Parte-Hijos-de-la-Revolucion.jpg\"\n\t\t\t\t\t\t\t\t\t\t\t\twidth=\"951\"\n\t\t\t\t\t\t\t\t\t\t\t\theight=\"531\"\n\t\t\t\t\t\t\t\t\t\t\t\tsrcset=\"https:\/\/devolvamoslavozacuba.com\/wp-content\/uploads\/2026\/04\/Portada-Trailer-Primera-Parte-Hijos-de-la-Revolucion.jpg 951w, https:\/\/devolvamoslavozacuba.com\/wp-content\/uploads\/2026\/04\/Portada-Trailer-Primera-Parte-Hijos-de-la-Revolucion-300x168.jpg 300w, https:\/\/devolvamoslavozacuba.com\/wp-content\/uploads\/2026\/04\/Portada-Trailer-Primera-Parte-Hijos-de-la-Revolucion-768x429.jpg 768w\"\n\t\t\t\t\t\t\t\t\t\t\t\talt=\"\"\n\t\t\t\t\t\t\/>\n\t\t\t<\/a>\n\t\t\t\t\t\t\t\t\t<p class=\"e-df9e165-f3f6a30 e-paragraph-base\" data-interaction-id=\"df9e165\"  >\n\t\t\t\t\t\t\t\t<a target=\"_self\" href=\"https:\/\/drive.google.com\/file\/d\/13CjkdaSSu5Dujm9aw3YYdQN2THjegWpb\/view?usp=sharing&amp;t=44.224\" id=\"e-mnqtyc2n-m4p40z8\">Trailer - Parte 1 <\/a><a target=\"_self\" href=\"https:\/\/drive.google.com\/file\/d\/1dsi7MkhRPVKHkCNpB43nFzxIik76-Ylm\/view?usp=sharing\" id=\"e-mnqtyc2o-qucfraq\">\"<\/a><a target=\"_self\" href=\"https:\/\/drive.google.com\/file\/d\/13CjkdaSSu5Dujm9aw3YYdQN2THjegWpb\/view?usp=sharing&amp;t=44.224\" id=\"e-mnqtyc2o-a5z7mom\">Hijos de la Revoluci\u00f3n\"<\/a>\n\t\t\t\t\t<\/p>\n\t\t\t\t<\/div>\n\t\t<div class=\"elementor-element elementor-element-18923b9 e-con-full e-flex e-con e-child\" data-id=\"18923b9\" data-element_type=\"container\" data-e-type=\"container\">\n\t\t\t\t\t\t\t\n\t\t\t<a\n\t\t\t\t\t\thref=\"https:\/\/drive.google.com\/file\/d\/1tO6y3GwHBg0aHYKaab221OWovo2y8E23\/view?usp=sharing\"\n\t\t\tclass=\"e-image-link-base\"\n\t\t\ttarget=\"_self\"\n\t\t\tdata-interaction-id=\"fe0e1b0\"\n\t\t>\n\t\t<img class=\"e-image-base \" \n\t\t \n\t\t \n\t\t\t\t\t\t\t\t\tid=\"131\"\n\t\t\t\t\t\t\t\t\t\t\t\tsrc=\"https:\/\/devolvamoslavozacuba.com\/wp-content\/uploads\/2026\/04\/Portada-Trailer-Segunda-Parte-Ser-Revolucionario.webp\"\n\t\t\t\t\t\t\t\t\t\t\t\twidth=\"950\"\n\t\t\t\t\t\t\t\t\t\t\t\theight=\"532\"\n\t\t\t\t\t\t\t\t\t\t\t\tsrcset=\"https:\/\/devolvamoslavozacuba.com\/wp-content\/uploads\/2026\/04\/Portada-Trailer-Segunda-Parte-Ser-Revolucionario.webp 950w, https:\/\/devolvamoslavozacuba.com\/wp-content\/uploads\/2026\/04\/Portada-Trailer-Segunda-Parte-Ser-Revolucionario-300x168.webp 300w, https:\/\/devolvamoslavozacuba.com\/wp-content\/uploads\/2026\/04\/Portada-Trailer-Segunda-Parte-Ser-Revolucionario-768x430.webp 768w\"\n\t\t\t\t\t\t\t\t\t\t\t\talt=\"\"\n\t\t\t\t\t\t\/>\n\t\t\t<\/a>\n\t\t\t\t\t\t\t\t\t<p class=\"e-9b1d9ea-1ae5ec9 e-paragraph-base\" data-interaction-id=\"9b1d9ea\"  >\n\t\t\t\t\t\t\t\t<a target=\"_self\" href=\"https:\/\/drive.google.com\/file\/d\/1tO6y3GwHBg0aHYKaab221OWovo2y8E23\/view?usp=sharing\" id=\"e-mnqurrz5-l5fan3y\">Trailer - Parte 2 \"Ser Revolucionario\"<\/a>\n\t\t\t\t\t<\/p>\n\t\t\t\t<\/div>\n\t\t\t\t\t<\/div>\n\t\t\t\t<\/div>\n\t\t<div class=\"elementor-element elementor-element-0595036 e-flex e-con-boxed e-con e-parent\" data-id=\"0595036\" data-element_type=\"container\" data-e-type=\"container\">\n\t\t\t\t\t<div class=\"e-con-inner\">\n\t\t\t\t<div class=\"elementor-element elementor-element-c60b792 e-con e-atomic-element e-flexbox-base e-c60b792-2a546d6\" data-id=\"c60b792\" data-element_type=\"e-flexbox\" data-e-type=\"e-flexbox\" data-interaction-id=\"c60b792\">\n\t\t\t\t\t\t\t<h2 \n\t\tdata-interaction-id=\"5e1eddb\" \n\t\tclass=\"e-5e1eddb-bd72a82 e-heading-base\" \n\t\t \n\t\t\n\t>\n\t\n\t\t\tSobre PRENSA LATINA\n\t\t<\/h2>\n\t\t\t\t<\/div>\n\t\t\t\t\t<\/div>\n\t\t\t\t<\/div>\n\t\t<div class=\"elementor-element elementor-element-3563e45 e-flex e-con-boxed e-con e-parent\" data-id=\"3563e45\" data-element_type=\"container\" data-e-type=\"container\">\n\t\t\t\t\t<div class=\"e-con-inner\">\n\t\t<div class=\"elementor-element elementor-element-88f8297 e-con-full e-flex e-con e-child\" data-id=\"88f8297\" data-element_type=\"container\" data-e-type=\"container\">\n\t\t\t\t\t\t\t\n\t\t<img class=\"e-image-base \" \n\t\t\t\t\tdata-interaction-id=\"b0f6dc7\" \n\t\t \n\t\t \n\t\t\t\t\t\t\t\t\tid=\"154\"\n\t\t\t\t\t\t\t\t\t\t\t\tsrc=\"https:\/\/devolvamoslavozacuba.com\/wp-content\/uploads\/2026\/04\/Logo-Prensa-Latina-300x198.jpeg\"\n\t\t\t\t\t\t\t\t\t\t\t\twidth=\"300\"\n\t\t\t\t\t\t\t\t\t\t\t\theight=\"198\"\n\t\t\t\t\t\t\t\t\t\t\t\tsrcset=\"https:\/\/devolvamoslavozacuba.com\/wp-content\/uploads\/2026\/04\/Logo-Prensa-Latina-300x198.jpeg 300w, https:\/\/devolvamoslavozacuba.com\/wp-content\/uploads\/2026\/04\/Logo-Prensa-Latina-768x506.jpeg 768w, https:\/\/devolvamoslavozacuba.com\/wp-content\/uploads\/2026\/04\/Logo-Prensa-Latina.jpeg 900w\"\n\t\t\t\t\t\t\t\t\t\t\t\talt=\"\"\n\t\t\t\t\t\t\/>\n\t\t\t\t\t\t\t\t\n\t\t<img class=\"e-image-base \" \n\t\t\t\t\tdata-interaction-id=\"0be8b3d\" \n\t\t \n\t\t \n\t\t\t\t\t\t\t\t\tid=\"166\"\n\t\t\t\t\t\t\t\t\t\t\t\tsrc=\"https:\/\/devolvamoslavozacuba.com\/wp-content\/uploads\/2026\/04\/Prensa-Latina-67-anos.webp\"\n\t\t\t\t\t\t\t\t\t\t\t\twidth=\"1024\"\n\t\t\t\t\t\t\t\t\t\t\t\theight=\"1024\"\n\t\t\t\t\t\t\t\t\t\t\t\tsrcset=\"https:\/\/devolvamoslavozacuba.com\/wp-content\/uploads\/2026\/04\/Prensa-Latina-67-anos.webp 1024w, https:\/\/devolvamoslavozacuba.com\/wp-content\/uploads\/2026\/04\/Prensa-Latina-67-anos-300x300.webp 300w, https:\/\/devolvamoslavozacuba.com\/wp-content\/uploads\/2026\/04\/Prensa-Latina-67-anos-150x150.webp 150w, https:\/\/devolvamoslavozacuba.com\/wp-content\/uploads\/2026\/04\/Prensa-Latina-67-anos-768x768.webp 768w\"\n\t\t\t\t\t\t\t\t\t\t\t\talt=\"\"\n\t\t\t\t\t\t\/>\n\t\t\t\t\t<\/div>\n\t\t<div class=\"elementor-element elementor-element-b79658d e-con-full e-flex e-con e-child\" data-id=\"b79658d\" data-element_type=\"container\" data-e-type=\"container\">\n\t\t\t\t\t\t\t\t<p class=\"e-5dafe20-c13c782 e-paragraph-base\" data-interaction-id=\"5dafe20\"  >\n\t\t\t\t\t\t\t\t<strong id=\"e-mns2hppi-r1udw51\">Prensa Latina<\/strong> es la agencia de noticias latinoamericana fundada el 16 de junio de 1959 en Cuba por Fidel Castro, Ernesto Che Guevara y el destacado periodista revolucionario argentino Ricardo Masetti, quien fuera su primer director.<br><br>Su objetivo es ofrecer una visi\u00f3n alternativa de la realidad latinoamericana y mundial, contrarrestando la influencia de los grandes monopolios medi\u00e1ticos.<br><br><strong id=\"e-mns2hppi-lzs687q\">\u00bfQu\u00e9 ofrece Prensa Latina?<\/strong><br><br>- Noticias y an\u00e1lisis sobre pol\u00edtica, econom\u00eda, cultura y deportes de Cuba y el mundo<br>- Servicios de radio y televisi\u00f3n<br>- Publicaciones impresas y digitales, como la revista <strong id=\"e-mns2hppi-j4ifsfe\">Cuba Internacional<\/strong><br>- Archivo fotogr\u00e1fico y de videos<br>- Servicios de asistencia t\u00e9cnica para medios de comunicaci\u00f3n<br><br><strong id=\"e-mns2hppi-mpilxla\">Cobertura y alcance<\/strong><br><br>- Corresponsales en 35 pa\u00edses y colaboradores en decenas de naciones<br>- Transmite m\u00e1s de 400 despachos diarios en varios idiomas (espa\u00f1ol, ingl\u00e9s, portugu\u00e9s, franc\u00e9s, italiano y ruso)<br>- Su se\u00f1al llega a miles de peri\u00f3dicos, revistas, televisoras, agencias de prensa y emisoras de radio en todo el mundo.<br><br>Prensa Latina es una fuente importante de informaci\u00f3n sobre Cuba y Am\u00e9rica Latina, y su perspectiva es fundamental para entender la regi\u00f3n.<br><br>Visita la p\u00e1gina de Prensa Latina:<br><a target=\"_self\" href=\"https:\/\/www.prensa-latina.cu\/\" id=\"e-mns2hppi-lzc8tpk\">https:\/\/www.prensa-latina.cu\/<\/a>\n\t\t\t\t\t<\/p>\n\t\t\t\t<\/div>\n\t\t\t\t\t<\/div>\n\t\t\t\t<\/div>\n\t\t\t\t<\/div>\n\t\t","protected":false},"excerpt":{"rendered":"<p>Campa\u00f1a \u00abDevolvamos la voz a Cuba\u00bb En qu\u00e9 consiste la campa\u00f1a PRENSA LATINA, al igual que todas las instituciones cubanas, [&hellip;]<\/p>\n","protected":false},"author":1,"featured_media":0,"parent":0,"menu_order":0,"comment_status":"closed","ping_status":"closed","template":"","meta":{"site-sidebar-layout":"no-sidebar","site-content-layout":"","ast-site-content-layout":"full-width-container","site-content-style":"default","site-sidebar-style":"default","ast-global-header-display":"","ast-banner-title-visibility":"","ast-main-header-display":"","ast-hfb-above-header-display":"","ast-hfb-below-header-display":"","ast-hfb-mobile-header-display":"","site-post-title":"disabled","ast-breadcrumbs-content":"","ast-featured-img":"disabled","footer-sml-layout":"","ast-disable-related-posts":"","theme-transparent-header-meta":"","adv-header-id-meta":"","stick-header-meta":"","header-above-stick-meta":"","header-main-stick-meta":"","header-below-stick-meta":"","astra-migrate-meta-layouts":"default","ast-page-background-enabled":"default","ast-page-background-meta":{"desktop":{"background-color":"var(--ast-global-color-5)","background-image":"","background-repeat":"repeat","background-position":"center center","background-size":"auto","background-attachment":"scroll","background-type":"","background-media":"","overlay-type":"","overlay-color":"","overlay-opacity":"","overlay-gradient":""},"tablet":{"background-color":"","background-image":"","background-repeat":"repeat","background-position":"center center","background-size":"auto","background-attachment":"scroll","background-type":"","background-media":"","overlay-type":"","overlay-color":"","overlay-opacity":"","overlay-gradient":""},"mobile":{"background-color":"","background-image":"","background-repeat":"repeat","background-position":"center center","background-size":"auto","background-attachment":"scroll","background-type":"","background-media":"","overlay-type":"","overlay-color":"","overlay-opacity":"","overlay-gradient":""}},"ast-content-background-meta":{"desktop":{"background-color":"var(--ast-global-color-4)","background-image":"","background-repeat":"repeat","background-position":"center center","background-size":"auto","background-attachment":"scroll","background-type":"","background-media":"","overlay-type":"","overlay-color":"","overlay-opacity":"","overlay-gradient":""},"tablet":{"background-color":"var(--ast-global-color-4)","background-image":"","background-repeat":"repeat","background-position":"center center","background-size":"auto","background-attachment":"scroll","background-type":"","background-media":"","overlay-type":"","overlay-color":"","overlay-opacity":"","overlay-gradient":""},"mobile":{"background-color":"var(--ast-global-color-4)","background-image":"","background-repeat":"repeat","background-position":"center center","background-size":"auto","background-attachment":"scroll","background-type":"","background-media":"","overlay-type":"","overlay-color":"","overlay-opacity":"","overlay-gradient":""}},"footnotes":""},"class_list":["post-44","page","type-page","status-publish","hentry"],"aioseo_notices":[],"_links":{"self":[{"href":"https:\/\/devolvamoslavozacuba.com\/index.php?rest_route=\/wp\/v2\/pages\/44","targetHints":{"allow":["GET"]}}],"collection":[{"href":"https:\/\/devolvamoslavozacuba.com\/index.php?rest_route=\/wp\/v2\/pages"}],"about":[{"href":"https:\/\/devolvamoslavozacuba.com\/index.php?rest_route=\/wp\/v2\/types\/page"}],"author":[{"embeddable":true,"href":"https:\/\/devolvamoslavozacuba.com\/index.php?rest_route=\/wp\/v2\/users\/1"}],"replies":[{"embeddable":true,"href":"https:\/\/devolvamoslavozacuba.com\/index.php?rest_route=%2Fwp%2Fv2%2Fcomments&post=44"}],"version-history":[{"count":170,"href":"https:\/\/devolvamoslavozacuba.com\/index.php?rest_route=\/wp\/v2\/pages\/44\/revisions"}],"predecessor-version":[{"id":259,"href":"https:\/\/devolvamoslavozacuba.com\/index.php?rest_route=\/wp\/v2\/pages\/44\/revisions\/259"}],"wp:attachment":[{"href":"https:\/\/devolvamoslavozacuba.com\/index.php?rest_route=%2Fwp%2Fv2%2Fmedia&parent=44"}],"curies":[{"name":"wp","href":"https:\/\/api.w.org\/{rel}","templated":true}]}}